{"id":3960,"date":"2015-09-21T12:36:12","date_gmt":"2015-09-21T12:36:12","guid":{"rendered":"https:\/\/www.itdreamlan.nl\/de\/?page_id=3960"},"modified":"2020-12-03T09:44:06","modified_gmt":"2020-12-03T09:44:06","slug":"kontakt","status":"publish","type":"page","link":"https:\/\/vh2021fdxmk-0.hosting-space.nl\/de\/kontakt\/","title":{"rendered":"kontakt"},"content":{"rendered":"\n<div class=\"wpcf7 no-js\" id=\"wpcf7-f4307-o1\" lang=\"nl-NL\" dir=\"ltr\" data-wpcf7-id=\"4307\">\n<div class=\"screen-reader-response\"><p role=\"status\" aria-live=\"polite\" aria-atomic=\"true\"> <\/p>  <ul><\/ul><\/div>\n<form action=\"\/de\/wp-json\/wp\/v2\/pages\/3960#wpcf7-f4307-o1\" method=\"post\" class=\"wpcf7-form init\" aria-label=\"Contactformulier\" novalidate=\"novalidate\" data-status=\"init\">\n<fieldset class=\"hidden-fields-container\"><input type=\"hidden\" name=\"_wpcf7\" value=\"4307\" \/><input type=\"hidden\" name=\"_wpcf7_version\" value=\"6.1.5\" \/><input type=\"hidden\" name=\"_wpcf7_locale\" value=\"nl_NL\" \/><input type=\"hidden\" name=\"_wpcf7_unit_tag\" value=\"wpcf7-f4307-o1\" \/><input type=\"hidden\" name=\"_wpcf7_container_post\" value=\"0\" \/><input type=\"hidden\" name=\"_wpcf7_posted_data_hash\" value=\"\" \/>\n<\/fieldset>\n <p> Name <br \/> \n<span class=\"wpcf7-form-control-wrap\" data-name=\"naam\"><input size=\"40\" maxlength=\"400\" class=\"wpcf7-form-control wpcf7-text wpcf7-validates-as-required\" aria-required=\"true\" aria-invalid=\"false\" value=\"\" type=\"text\" name=\"naam\" \/><\/span>\n <\/p> \n <p> Email <br \/> \n<span class=\"wpcf7-form-control-wrap\" data-name=\"email\"><input size=\"40\" maxlength=\"400\" class=\"wpcf7-form-control wpcf7-email wpcf7-validates-as-required wpcf7-text wpcf7-validates-as-email\" aria-required=\"true\" aria-invalid=\"false\" value=\"\" type=\"email\" name=\"email\" \/><\/span>\n <\/p> \n <p> Telefonnummer <br \/> \n<span class=\"wpcf7-form-control-wrap\" data-name=\"telefoon\"><input size=\"40\" maxlength=\"400\" class=\"wpcf7-form-control wpcf7-text wpcf7-validates-as-required\" aria-required=\"true\" aria-invalid=\"false\" value=\"\" type=\"text\" name=\"telefoon\" \/><\/span>\n <\/p> \n <p> Nachricht <br \/> \n<span class=\"wpcf7-form-control-wrap\" data-name=\"bericht\"><textarea cols=\"40\" rows=\"10\" maxlength=\"2000\" class=\"wpcf7-form-control wpcf7-textarea wpcf7-validates-as-required\" aria-required=\"true\" aria-invalid=\"false\" name=\"bericht\"><\/textarea><\/span>\n <\/p> \n <p> Um Spam zu vermeiden, fragen wir Sie, wie viel 10 + 4 ist <br \/> \n<span class=\"wpcf7-form-control-wrap\" data-name=\"number\"><input class=\"wpcf7-form-control wpcf7-number wpcf7-validates-as-required wpcf7-validates-as-number\" min=\"14\" max=\"14\" aria-required=\"true\" aria-invalid=\"false\" value=\"\" type=\"number\" name=\"number\" \/><\/span>\n <\/p> \n <p> <input class=\"wpcf7-form-control wpcf7-submit has-spinner\" type=\"submit\" value=\"SENDEN\" \/>\n <\/p> <div class=\"wpcf7-response-output\" aria-hidden=\"true\"><\/div>\n<\/form>\n<\/div>\n\n <p> &nbsp; <\/p> \n<h2 style=\"text-align: center;\">unser team<\/h2>\n <p> &nbsp; <\/p> \n<p style=\"text-align: center;\"><div class=\"cq-hotspot-container\"><div class=\"hotspot-container\" data-slideshow=\"false\" data-slideshowdelay=\"5\" data-maxwidth=\"400\" data-triggerby=\"mouseover\"  data-dropinease=\"true\"  data-animation=\"grow\" data-tooltipstyle=\"shadow\"><span class=\"cq-hotspot-tooltip \" data-cqtooltip=\"\" data-top=\"-0.07760532150776053%\" data-left=\"19.058697208303506%\" data-link=\"\" data-direction=\"top\" data-target=\"_self\" data-isdisplay=\"no\"  data-islightbox=\"no\" href=\"\" style=\"left:19.058697208303506%;top:-0.07760532150776053%;\"><i class=\"cq-hotspot-icon icon-comment-empty\" style=\"background-color:;color:#1e73be;\"><\/i> <br \/> <span class=\"cq-hotspot-label\" style=\"visibility:hidden;\"><\/span><div class=\"cq-hotspot-tooltipcontent\"> <br> \r\n<span style=\"color: #3366ff;\"><strong>Hallo, Ich bin Minke!<\/strong><\/span> <br> \r\n <br> \r\nIch bin hier die Chefin! Sieht man das etwa nicht? Meistens begr\u00fc\u00dfe ich die G\u00e4ste und erkl\u00e4re Ihnen alles Wissenswerte. Tipps f\u00fcr tolle Ausfl\u00fcge? Duschm\u00fcnzen wechseln? Kanupaddel abholen? All das gibt es bei mir, und mich gibt es meistens an der Rezeption. <br> \r\n <br> \r\nAu\u00dfer Camping-Chefin arbeite ich beim Waddenvereniging in Harlingen. Auch ein toller Job, der mir viel Spa\u00df macht. Genau so viel Spa\u00df wie das Putzen im Duschgeb\u00e4ude. Einfach den Verstand auf Null setzen und auf Traummodus umschalten. <br> \r\n <br> <\/div><\/span><span class=\"cq-hotspot-tooltip \" data-cqtooltip=\"\" data-top=\"0%\" data-left=\"37.6521116678597%\" data-link=\"\" data-direction=\"top\" data-target=\"_self\" data-isdisplay=\"no\"  data-islightbox=\"no\" href=\"\" style=\"left:37.6521116678597%;top:0%;\"><i class=\"cq-hotspot-icon icon-comment-empty\" style=\"background-color:;color:#dd9933;\"><\/i> <br \/> <span class=\"cq-hotspot-label\" style=\"visibility:hidden;\"><\/span><div class=\"cq-hotspot-tooltipcontent\"> <br> \r\n<span style=\"color: #dd9933;\"><strong>Hallo, Ich bin Robert!<\/strong><\/span> <br> \r\n <br> \r\nWer rast hier im Affenzahn mit dem flotten Rasentraktor vorbei? Tja, das bin ich! Eigentlich h\u00e4tte ich Bauer werden in, denn am liebsten bin ich den ganzen Tag drau\u00dfen auf unserem Gel\u00e4nde. Dabei genie\u00dfe ich besonders die V\u00f6gel und das Wiesen- und Wolkenpanorama um uns herum. Und nat\u00fcrlich die tollen G\u00e4ste hier. <br> \r\n <br> \r\nSucht ihr noch die richtige Jogging-Strecke oder interessante Wege zum Rennrad fahren? Fragt mich ruhig, denn Tipps habe ich genug. Ich bin \u00fcbrigens nicht nur Gro\u00dfgrundbesitzer, bin ich auch Wirtschaftslehrer am Hogeland College in Warffum. <br> \r\n <br> <\/div><\/span><span class=\"cq-hotspot-tooltip \" data-cqtooltip=\"\" data-top=\"20.17738359201774%\" data-left=\"53.90121689334288%\" data-link=\"\" data-direction=\"top\" data-target=\"_self\" data-isdisplay=\"no\"  data-islightbox=\"no\" href=\"\" style=\"left:53.90121689334288%;top:20.17738359201774%;\"><i class=\"cq-hotspot-icon icon-comment-empty\" style=\"background-color:;color:#8224e3;\"><\/i> <br \/> <span class=\"cq-hotspot-label\" style=\"visibility:hidden;\"><\/span><div class=\"cq-hotspot-tooltipcontent\"> <br> \r\n<span style=\"color: #8224e3;\"><strong>Hallo, Ich bin Jikke!<\/strong><\/span> <br> \r\n <br> \r\nAm liebsten fahr' ich den ganzen Tag mit meinem rosa Prinzessinnenfahrrad durch die Gegend. Meine Klamotten suche ich immer selbst aus, zumindest will ich das immer. Manchmal muss ich eine Jogginghose anziehen, wenn gerade viel Matsch da ist, aber am liebsten trage ich Kleider und R\u00f6cke. Und am liebsten nat\u00fcrlich in rosa. <br> \r\n <br> \r\nIch helfe Mama gerne beim Saubermachen im Duschgeb\u00e4ude. Aber wenn ich davon genug habe, gehe ich auch gerne schaukeln oder springe auf dem Trampolin herum. Mit anderen Kindern im Sandkasten spielen finde ich auch total toll. Unsere Spezialit\u00e4t ist Sandkuchen. Wir nehmen dann an den Zelten die Bestellungen auf und dann geht es ans Backen. <br> \r\n <br> <\/div><\/span><span class=\"cq-hotspot-tooltip \" data-cqtooltip=\"\" data-top=\"12.416851441241686%\" data-left=\"71.79670722977811%\" data-link=\"\" data-direction=\"top\" data-target=\"_self\" data-isdisplay=\"no\"  data-islightbox=\"no\" href=\"\" style=\"left:71.79670722977811%;top:12.416851441241686%;\"><i class=\"cq-hotspot-icon icon-comment-empty\" style=\"background-color:;color:#81d742;\"><\/i> <br \/> <span class=\"cq-hotspot-label\" style=\"visibility:hidden;\"><\/span><div class=\"cq-hotspot-tooltipcontent\"> <br> \r\n<span style=\"color: #81d742;\"><strong>Hallo, Ich bin Tjalle!<\/strong><\/span> <br> \r\n <br> \r\nSie sagen, dass ich ein Tr\u00e4umer bin, aber das stimmt so nicht. Manchmal habe ich einfach keine Lust zum Zuh\u00f6ren. Aber wenn neue G\u00e4ste da sind, sage ich immer sofort Bescheid. Ich hole auch immer die Post aus dem Briefkasten, denn das ist meine Aufgabe. Herumfahren mit dem Fahrrad oder mit dem Roller finde ich cool. <br> \r\n <br> \r\nAm liebsten nat\u00fcrlich mit einer ganzen Meute von Kindern. Auf dem Trampolin kann ich es sehr lange aushalten. Oder Fu\u00dfball nat\u00fcrlich. Fu\u00dfball kommt immer gut. Am sch\u00f6nsten ist es, wenn wir so lange Fu\u00dfball spielen, bis es dunkel wird. <br> \r\n <br> <\/div><\/span><span class=\"cq-hotspot-tooltip \" data-cqtooltip=\"\" data-top=\"6.873614190687362%\" data-left=\"87.61632068718683%\" data-link=\"\" data-direction=\"top\" data-target=\"_self\" data-isdisplay=\"no\"  data-islightbox=\"no\" href=\"\" style=\"left:87.61632068718683%;top:6.873614190687362%;\"><i class=\"cq-hotspot-icon icon-comment-empty\" style=\"background-color:;color:#dd3333;\"><\/i> <br \/> <span class=\"cq-hotspot-label\" style=\"visibility:hidden;\"><\/span><div class=\"cq-hotspot-tooltipcontent\"> <br> \r\n<span style=\"color: #dd3333;\"><strong>Hallo, Ich bin Olke!<\/strong><\/span> <br> \r\n <br> \r\nWenn ihr gerne Fu\u00dfball spielt, ruft mich nur dazu, denn bei Fu\u00dfball bin ich immer dabei. Oder angeln, dazu sage ich auch nie nein. Oder mit den Fangnetzen durch den Graben... Im Sommer gehen wir manchmal mit den Kindern vom Campingplatz in den Kuhstall von Bauer Reyer. Das ist immer ziemlich interessant. Oft werden K\u00e4lber geboren. Tiere mag ich einfach, und ich wei\u00df eine ganze Menge dar\u00fcber. <br> \r\n <br> \r\nSp\u00e4ter will ich mal Biologe werden. Oder meinetwegen auch Fu\u00dfballprofi, warum nicht? Wenn wir einen Tag frei haben, gehen wir manchmal mit Papa zum Kanu fahren. Zur Wasserm\u00fchle und von dort aus weiter bis nach Kollum. Das hat was. <br> \r\n <br> <\/div><\/span><img decoding=\"async\" src=\"https:\/\/www.itdreamlan.nl\/wp-content\/uploads\/2015\/03\/team.jpg\" class=\"popover-image\"  \/><\/div><\/div>\n <p> &nbsp; <\/p> \n","protected":false},"excerpt":{"rendered":" <p> &nbsp; unser team &nbsp; &nbsp; <\/p> \n","protected":false},"author":1,"featured_media":0,"parent":0,"menu_order":0,"comment_status":"closed","ping_status":"closed","template":"","meta":{"footnotes":""},"class_list":["post-3960","page","type-page","status-publish","hentry"],"yoast_head":"<!-- This site is optimized with the Yoast SEO plugin v27.1.1 - https:\/\/yoast.com\/product\/yoast-seo-wordpress\/ -->\n<title>Kontakt \u00dcbernachtung in reinen Friesland - it Dreaml\u00e2n<\/title>\n<meta name=\"description\" content=\"Kontakt mit uns? Adresse: Groeneweg 5, 9293MC Kollumerpomp, Friesland, Niederlande, telefon: +31 511 408 886, e-mail: info@itdreamlan.nl\" \/>\n<meta name=\"robots\" content=\"index, follow, max-snippet:-1, max-image-preview:large, max-video-preview:-1\" \/>\n<link rel=\"canonical\" href=\"https:\/\/www.itdreamlan.nl\/de\/kontakt\/\" \/>\n<meta property=\"og:locale\" content=\"de_DE\" \/>\n<meta property=\"og:type\" content=\"article\" \/>\n<meta property=\"og:title\" content=\"Kontakt \u00dcbernachtung in reinen Friesland - it Dreaml\u00e2n\" \/>\n<meta property=\"og:description\" content=\"Kontakt mit uns? Adresse: Groeneweg 5, 9293MC Kollumerpomp, Friesland, Niederlande, telefon: +31 511 408 886, e-mail: info@itdreamlan.nl\" \/>\n<meta property=\"og:url\" content=\"https:\/\/www.itdreamlan.nl\/de\/kontakt\/\" \/>\n<meta property=\"og:site_name\" content=\"It Dreamlan\" \/>\n<meta property=\"article:publisher\" content=\"https:\/\/www.facebook.com\/itDreamlan\/\" \/>\n<meta property=\"article:modified_time\" content=\"2020-12-03T09:44:06+00:00\" \/>\n<script type=\"application\/ld+json\" class=\"yoast-schema-graph\">{\"@context\":\"https:\/\/schema.org\",\"@graph\":[{\"@type\":\"WebPage\",\"@id\":\"https:\/\/www.itdreamlan.nl\/de\/kontakt\/\",\"url\":\"https:\/\/www.itdreamlan.nl\/de\/kontakt\/\",\"name\":\"Kontakt \u00dcbernachtung in reinen Friesland - it Dreaml\u00e2n\",\"isPartOf\":{\"@id\":\"https:\/\/www.itdreamlan.nl\/#website\"},\"datePublished\":\"2015-09-21T12:36:12+00:00\",\"dateModified\":\"2020-12-03T09:44:06+00:00\",\"description\":\"Kontakt mit uns? Adresse: Groeneweg 5, 9293MC Kollumerpomp, Friesland, Niederlande, telefon: +31 511 408 886, e-mail: info@itdreamlan.nl\",\"breadcrumb\":{\"@id\":\"https:\/\/www.itdreamlan.nl\/de\/kontakt\/#breadcrumb\"},\"inLanguage\":\"de\",\"potentialAction\":[{\"@type\":\"ReadAction\",\"target\":[\"https:\/\/www.itdreamlan.nl\/de\/kontakt\/\"]}]},{\"@type\":\"BreadcrumbList\",\"@id\":\"https:\/\/www.itdreamlan.nl\/de\/kontakt\/#breadcrumb\",\"itemListElement\":[{\"@type\":\"ListItem\",\"position\":1,\"name\":\"Home\",\"item\":\"https:\/\/vh2021fdxmk-0.hosting-space.nl\/de\/\"},{\"@type\":\"ListItem\",\"position\":2,\"name\":\"kontakt\"}]},{\"@type\":\"WebSite\",\"@id\":\"https:\/\/www.itdreamlan.nl\/#website\",\"url\":\"https:\/\/www.itdreamlan.nl\/\",\"name\":\"It Dreamlan\",\"description\":\"Overnachten in puur Friesland\",\"potentialAction\":[{\"@type\":\"SearchAction\",\"target\":{\"@type\":\"EntryPoint\",\"urlTemplate\":\"https:\/\/www.itdreamlan.nl\/?s={search_term_string}\"},\"query-input\":{\"@type\":\"PropertyValueSpecification\",\"valueRequired\":true,\"valueName\":\"search_term_string\"}}],\"inLanguage\":\"de\"}]}<\/script>\n<!-- \/ Yoast SEO plugin. -->","yoast_head_json":{"title":"Kontakt \u00dcbernachtung in reinen Friesland - it Dreaml\u00e2n","description":"Kontakt mit uns? Adresse: Groeneweg 5, 9293MC Kollumerpomp, Friesland, Niederlande, telefon: +31 511 408 886, e-mail: info@itdreamlan.nl","robots":{"index":"index","follow":"follow","max-snippet":"max-snippet:-1","max-image-preview":"max-image-preview:large","max-video-preview":"max-video-preview:-1"},"canonical":"https:\/\/www.itdreamlan.nl\/de\/kontakt\/","og_locale":"de_DE","og_type":"article","og_title":"Kontakt \u00dcbernachtung in reinen Friesland - it Dreaml\u00e2n","og_description":"Kontakt mit uns? Adresse: Groeneweg 5, 9293MC Kollumerpomp, Friesland, Niederlande, telefon: +31 511 408 886, e-mail: info@itdreamlan.nl","og_url":"https:\/\/www.itdreamlan.nl\/de\/kontakt\/","og_site_name":"It Dreamlan","article_publisher":"https:\/\/www.facebook.com\/itDreamlan\/","article_modified_time":"2020-12-03T09:44:06+00:00","schema":{"@context":"https:\/\/schema.org","@graph":[{"@type":"WebPage","@id":"https:\/\/www.itdreamlan.nl\/de\/kontakt\/","url":"https:\/\/www.itdreamlan.nl\/de\/kontakt\/","name":"Kontakt \u00dcbernachtung in reinen Friesland - it Dreaml\u00e2n","isPartOf":{"@id":"https:\/\/www.itdreamlan.nl\/#website"},"datePublished":"2015-09-21T12:36:12+00:00","dateModified":"2020-12-03T09:44:06+00:00","description":"Kontakt mit uns? Adresse: Groeneweg 5, 9293MC Kollumerpomp, Friesland, Niederlande, telefon: +31 511 408 886, e-mail: info@itdreamlan.nl","breadcrumb":{"@id":"https:\/\/www.itdreamlan.nl\/de\/kontakt\/#breadcrumb"},"inLanguage":"de","potentialAction":[{"@type":"ReadAction","target":["https:\/\/www.itdreamlan.nl\/de\/kontakt\/"]}]},{"@type":"BreadcrumbList","@id":"https:\/\/www.itdreamlan.nl\/de\/kontakt\/#breadcrumb","itemListElement":[{"@type":"ListItem","position":1,"name":"Home","item":"https:\/\/vh2021fdxmk-0.hosting-space.nl\/de\/"},{"@type":"ListItem","position":2,"name":"kontakt"}]},{"@type":"WebSite","@id":"https:\/\/www.itdreamlan.nl\/#website","url":"https:\/\/www.itdreamlan.nl\/","name":"It Dreamlan","description":"Overnachten in puur Friesland","potentialAction":[{"@type":"SearchAction","target":{"@type":"EntryPoint","urlTemplate":"https:\/\/www.itdreamlan.nl\/?s={search_term_string}"},"query-input":{"@type":"PropertyValueSpecification","valueRequired":true,"valueName":"search_term_string"}}],"inLanguage":"de"}]}},"_links":{"self":[{"href":"https:\/\/vh2021fdxmk-0.hosting-space.nl\/de\/wp-json\/wp\/v2\/pages\/3960","targetHints":{"allow":["GET"]}}],"collection":[{"href":"https:\/\/vh2021fdxmk-0.hosting-space.nl\/de\/wp-json\/wp\/v2\/pages"}],"about":[{"href":"https:\/\/vh2021fdxmk-0.hosting-space.nl\/de\/wp-json\/wp\/v2\/types\/page"}],"author":[{"embeddable":true,"href":"https:\/\/vh2021fdxmk-0.hosting-space.nl\/de\/wp-json\/wp\/v2\/users\/1"}],"replies":[{"embeddable":true,"href":"https:\/\/vh2021fdxmk-0.hosting-space.nl\/de\/wp-json\/wp\/v2\/comments?post=3960"}],"version-history":[{"count":12,"href":"https:\/\/vh2021fdxmk-0.hosting-space.nl\/de\/wp-json\/wp\/v2\/pages\/3960\/revisions"}],"predecessor-version":[{"id":11399,"href":"https:\/\/vh2021fdxmk-0.hosting-space.nl\/de\/wp-json\/wp\/v2\/pages\/3960\/revisions\/11399"}],"wp:attachment":[{"href":"https:\/\/vh2021fdxmk-0.hosting-space.nl\/de\/wp-json\/wp\/v2\/media?parent=3960"}],"curies":[{"name":"wp","href":"https:\/\/api.w.org\/{rel}","templated":true}]}}