{"id":3964,"date":"2015-09-21T12:43:49","date_gmt":"2015-09-21T12:43:49","guid":{"rendered":"https:\/\/www.itdreamlan.nl\/de\/?page_id=3964"},"modified":"2024-09-21T12:29:47","modified_gmt":"2024-09-21T10:29:47","slug":"route","status":"publish","type":"page","link":"https:\/\/vh2021fdxmk-0.hosting-space.nl\/de\/route\/","title":{"rendered":"route"},"content":{"rendered":"<div class=\"section-full-width section-dark-bg\" style=\"background-color:#d2b29b;\" id=\"anfahrtsskizzenachitdreaml\u00c2n\"><div class=\"section-boxed\" style=\"color:#ffffff;\"><h2 class=\"section-title\" style=\"color:#ffffff;\">ANFAHRTSSKIZZE NACH IT DREAML\u00c2N<\/h2><h4 style=\"color:#ffffff;\" class=\"sub-title\">Sie finden uns unter dem Lauwerslake zwischen den Landehauptst\u00e4dten Leeuwarden und Groningen<\/h4>  <p>  <iframe loading=\"lazy\" src=\"https:\/\/www.google.com\/maps\/embed?pb=!1m18!1m12!1m3!1d305188.9288544713!2d5.88447726655872!3d53.30227918561404!2m3!1f0!2f0!3f0!3m2!1i1024!2i768!4f13.1!3m3!1m2!1s0x47c9b211840bb39b%3A0x1aa815e63297c7ef!2sit+Dreaml%C3%A2n!5e0!3m2!1snl!2snl!4v1459922400901\" width=\"1280\" height=\"300\" frameborder=\"0\" style=\"border:0; max-width: 100%;\" allowfullscreen><\/iframe>  <\/p>  \n<\/div><\/div>\n <p> &nbsp; <\/p> \n<div class=\"cols-wrapper cols-2\">\n<div class=\"col\">\n<h2>Route per Auto<\/h2>\n<ul>\n<li>Auf der A7 Abfahrt Frieschepalen\/Buitenpost (31) nehmen und auf die N358 Richtung Lauwersoog fahren.<\/li>\n<li>An Surhuisterveen, Buitenpost und Kollum vorbeifahren.<\/li>\n<li>Einige Kilometer hinter Kollum rechts nach Kollumerpomp abbiegen.<\/li>\n<li>Nach 800 m rechts abbiegen in den Oostboerenweg und nach 300 m wiederum rechts abbiegen (Groeneweg). Ganz am Ende vom Groeneweg befindet sich It Dreaml\u00e2n.<\/li>\n<\/ul>\n <p> &nbsp; <\/p> \n <p> Wir haben eine Ladestation (2x11KW) f\u00fcr Elektroautos.<img decoding=\"async\" class=\"alignright\" src=\"https:\/\/www.itdreamlan.nl\/wp-content\/uploads\/2020\/02\/Laadpunt.png\" alt=\"Ladestation nature camping minicamping familiencamping ferienhaus ferienwohnung gruppenunterkunft Lauwersmeer Friesland Niederlande\" width=\"80\" \/> <\/p> \n <p> Achtung: die meisten Navigationsysteme leiten Sie an die falschen Adres an die Oosterboereweg an Stelle der Groeneweg! <\/p> \n <p> &nbsp; <\/p> \n<h2>\u00d6ffentliche Verkehrsmittel<\/h2>\n<ul>\n<li>Ab Leeuwarden oder Groningen mit dem Zug bis zum Bahnhof Buitenpost.<\/li>\n<li>Bus 63 Richtung Dokkum. Aussteigen bei Haltestelle Pompsterhoek.<\/li>\n<li>Von hier aus sind es ca. 10 Minuten zu Fu\u00df: erst \u00fcber den Soensterdijk und nach ca. 200 m den Feldweg nach rechts nehmen. Am Ende dieses Weges findet man rechts die Auffahrt zu It Dreaml\u00e2n.<\/li>\n<\/ul>\n<\/div>\n <p> <img decoding=\"async\" class=\"aligncenter\" src=\"https:\/\/www.itdreamlan.nl\/wp-content\/uploads\/2024\/09\/Logo-it-Dreamlan-500.png\" width=\"250\" alt=\"it Dreamlan logo groene natuur camping minicamping Friesland Lauwersmeer Kollum Dokkum Lauwersoog\" \/> <\/p> \n<div class=\"col nomargin\">\n<div id=\"routewidget\"><\/div>\n<p style=\"text-align: right;\"><script src=\"https:\/\/widgets.routenet.nl\/routewidget.jsx\" type=\"text\/javascript\"><\/script><script type=\"text\/javascript\">\/\/ <![CDATA[\nfunction routewidgetload() { var widget = new RouteWidget(\"routewidget\"); widget.load({\"address\": \"6.16583_53.30222_Groeneweg_5_9293 MC_Kollumerpomp_Kollumerpomp_NL_9\"}); } routewidgetload();\n\/\/ ]]><\/script> <\/p> \n<\/div>\n<\/div>\n <p> <img decoding=\"async\" class=\"aligncenter size-large\" src=\"https:\/\/www.itdreamlan.nl\/wp-content\/uploads\/2015\/05\/itdreamlan11.png\" alt=\"it Dreamlan route Kollum Dokkum Lauwersmeer Wattenmeer Friesland Groningen Niederlande\" \/> <\/p> \n","protected":false},"excerpt":{"rendered":" <p> &nbsp; Route per Auto Auf der A7 Abfahrt Frieschepalen\/Buitenpost (31) nehmen und auf die N358 Richtung Lauwersoog fahren. An Surhuisterveen, [&hellip;] <\/p> \n","protected":false},"author":1,"featured_media":0,"parent":0,"menu_order":0,"comment_status":"closed","ping_status":"closed","template":"template-full-custom.php","meta":{"footnotes":""},"class_list":["post-3964","page","type-page","status-publish","hentry"],"yoast_head":"<!-- This site is optimized with the Yoast SEO plugin v27.1.1 - https:\/\/yoast.com\/product\/yoast-seo-wordpress\/ -->\n<title>Route nach Camping, Ferienhaus oder Glamping - it Dreaml\u00e2n<\/title>\n<meta name=\"description\" content=\"Route per Auto oder \u00f6ffentliche Verkehrsmittel nach it Dreaml\u00e2n, \u00dcbernachtung in reinen Friesland Holland. Und Radfahren kann auch!\" \/>\n<meta name=\"robots\" content=\"index, follow, max-snippet:-1, max-image-preview:large, max-video-preview:-1\" \/>\n<link rel=\"canonical\" href=\"https:\/\/www.itdreamlan.nl\/de\/route\/\" \/>\n<meta property=\"og:locale\" content=\"de_DE\" \/>\n<meta property=\"og:type\" content=\"article\" \/>\n<meta property=\"og:title\" content=\"Route nach Camping, Ferienhaus oder Glamping - it Dreaml\u00e2n\" \/>\n<meta property=\"og:description\" content=\"Route per Auto oder \u00f6ffentliche Verkehrsmittel nach it Dreaml\u00e2n, \u00dcbernachtung in reinen Friesland Holland. Und Radfahren kann auch!\" \/>\n<meta property=\"og:url\" content=\"https:\/\/www.itdreamlan.nl\/de\/route\/\" \/>\n<meta property=\"og:site_name\" content=\"It Dreamlan\" \/>\n<meta property=\"article:publisher\" content=\"https:\/\/www.facebook.com\/itDreamlan\/\" \/>\n<meta property=\"article:modified_time\" content=\"2024-09-21T10:29:47+00:00\" \/>\n<meta property=\"og:image\" content=\"https:\/\/www.itdreamlan.nl\/wp-content\/uploads\/2020\/02\/Laadpunt.png\" \/>\n<meta name=\"twitter:label1\" content=\"Gesch\u00e4tzte Lesezeit\" \/>\n\t<meta name=\"twitter:data1\" content=\"2\u00a0Minuten\" \/>\n<script type=\"application\/ld+json\" class=\"yoast-schema-graph\">{\"@context\":\"https:\/\/schema.org\",\"@graph\":[{\"@type\":\"WebPage\",\"@id\":\"https:\/\/www.itdreamlan.nl\/de\/route\/\",\"url\":\"https:\/\/www.itdreamlan.nl\/de\/route\/\",\"name\":\"Route nach Camping, Ferienhaus oder Glamping - it Dreaml\u00e2n\",\"isPartOf\":{\"@id\":\"https:\/\/www.itdreamlan.nl\/#website\"},\"primaryImageOfPage\":{\"@id\":\"https:\/\/www.itdreamlan.nl\/de\/route\/#primaryimage\"},\"image\":{\"@id\":\"https:\/\/www.itdreamlan.nl\/de\/route\/#primaryimage\"},\"thumbnailUrl\":\"https:\/\/www.itdreamlan.nl\/wp-content\/uploads\/2020\/02\/Laadpunt.png\",\"datePublished\":\"2015-09-21T12:43:49+00:00\",\"dateModified\":\"2024-09-21T10:29:47+00:00\",\"description\":\"Route per Auto oder \u00f6ffentliche Verkehrsmittel nach it Dreaml\u00e2n, \u00dcbernachtung in reinen Friesland Holland. Und Radfahren kann auch!\",\"breadcrumb\":{\"@id\":\"https:\/\/www.itdreamlan.nl\/de\/route\/#breadcrumb\"},\"inLanguage\":\"de\",\"potentialAction\":[{\"@type\":\"ReadAction\",\"target\":[\"https:\/\/www.itdreamlan.nl\/de\/route\/\"]}]},{\"@type\":\"ImageObject\",\"inLanguage\":\"de\",\"@id\":\"https:\/\/www.itdreamlan.nl\/de\/route\/#primaryimage\",\"url\":\"https:\/\/www.itdreamlan.nl\/wp-content\/uploads\/2020\/02\/Laadpunt.png\",\"contentUrl\":\"https:\/\/www.itdreamlan.nl\/wp-content\/uploads\/2020\/02\/Laadpunt.png\"},{\"@type\":\"BreadcrumbList\",\"@id\":\"https:\/\/www.itdreamlan.nl\/de\/route\/#breadcrumb\",\"itemListElement\":[{\"@type\":\"ListItem\",\"position\":1,\"name\":\"Home\",\"item\":\"https:\/\/vh2021fdxmk-0.hosting-space.nl\/de\/\"},{\"@type\":\"ListItem\",\"position\":2,\"name\":\"route\"}]},{\"@type\":\"WebSite\",\"@id\":\"https:\/\/www.itdreamlan.nl\/#website\",\"url\":\"https:\/\/www.itdreamlan.nl\/\",\"name\":\"It Dreamlan\",\"description\":\"Overnachten in puur Friesland\",\"potentialAction\":[{\"@type\":\"SearchAction\",\"target\":{\"@type\":\"EntryPoint\",\"urlTemplate\":\"https:\/\/www.itdreamlan.nl\/?s={search_term_string}\"},\"query-input\":{\"@type\":\"PropertyValueSpecification\",\"valueRequired\":true,\"valueName\":\"search_term_string\"}}],\"inLanguage\":\"de\"}]}<\/script>\n<!-- \/ Yoast SEO plugin. -->","yoast_head_json":{"title":"Route nach Camping, Ferienhaus oder Glamping - it Dreaml\u00e2n","description":"Route per Auto oder \u00f6ffentliche Verkehrsmittel nach it Dreaml\u00e2n, \u00dcbernachtung in reinen Friesland Holland. Und Radfahren kann auch!","robots":{"index":"index","follow":"follow","max-snippet":"max-snippet:-1","max-image-preview":"max-image-preview:large","max-video-preview":"max-video-preview:-1"},"canonical":"https:\/\/www.itdreamlan.nl\/de\/route\/","og_locale":"de_DE","og_type":"article","og_title":"Route nach Camping, Ferienhaus oder Glamping - it Dreaml\u00e2n","og_description":"Route per Auto oder \u00f6ffentliche Verkehrsmittel nach it Dreaml\u00e2n, \u00dcbernachtung in reinen Friesland Holland. Und Radfahren kann auch!","og_url":"https:\/\/www.itdreamlan.nl\/de\/route\/","og_site_name":"It Dreamlan","article_publisher":"https:\/\/www.facebook.com\/itDreamlan\/","article_modified_time":"2024-09-21T10:29:47+00:00","og_image":[{"url":"https:\/\/www.itdreamlan.nl\/wp-content\/uploads\/2020\/02\/Laadpunt.png","type":"","width":"","height":""}],"twitter_misc":{"Gesch\u00e4tzte Lesezeit":"2\u00a0Minuten"},"schema":{"@context":"https:\/\/schema.org","@graph":[{"@type":"WebPage","@id":"https:\/\/www.itdreamlan.nl\/de\/route\/","url":"https:\/\/www.itdreamlan.nl\/de\/route\/","name":"Route nach Camping, Ferienhaus oder Glamping - it Dreaml\u00e2n","isPartOf":{"@id":"https:\/\/www.itdreamlan.nl\/#website"},"primaryImageOfPage":{"@id":"https:\/\/www.itdreamlan.nl\/de\/route\/#primaryimage"},"image":{"@id":"https:\/\/www.itdreamlan.nl\/de\/route\/#primaryimage"},"thumbnailUrl":"https:\/\/www.itdreamlan.nl\/wp-content\/uploads\/2020\/02\/Laadpunt.png","datePublished":"2015-09-21T12:43:49+00:00","dateModified":"2024-09-21T10:29:47+00:00","description":"Route per Auto oder \u00f6ffentliche Verkehrsmittel nach it Dreaml\u00e2n, \u00dcbernachtung in reinen Friesland Holland. Und Radfahren kann auch!","breadcrumb":{"@id":"https:\/\/www.itdreamlan.nl\/de\/route\/#breadcrumb"},"inLanguage":"de","potentialAction":[{"@type":"ReadAction","target":["https:\/\/www.itdreamlan.nl\/de\/route\/"]}]},{"@type":"ImageObject","inLanguage":"de","@id":"https:\/\/www.itdreamlan.nl\/de\/route\/#primaryimage","url":"https:\/\/www.itdreamlan.nl\/wp-content\/uploads\/2020\/02\/Laadpunt.png","contentUrl":"https:\/\/www.itdreamlan.nl\/wp-content\/uploads\/2020\/02\/Laadpunt.png"},{"@type":"BreadcrumbList","@id":"https:\/\/www.itdreamlan.nl\/de\/route\/#breadcrumb","itemListElement":[{"@type":"ListItem","position":1,"name":"Home","item":"https:\/\/vh2021fdxmk-0.hosting-space.nl\/de\/"},{"@type":"ListItem","position":2,"name":"route"}]},{"@type":"WebSite","@id":"https:\/\/www.itdreamlan.nl\/#website","url":"https:\/\/www.itdreamlan.nl\/","name":"It Dreamlan","description":"Overnachten in puur Friesland","potentialAction":[{"@type":"SearchAction","target":{"@type":"EntryPoint","urlTemplate":"https:\/\/www.itdreamlan.nl\/?s={search_term_string}"},"query-input":{"@type":"PropertyValueSpecification","valueRequired":true,"valueName":"search_term_string"}}],"inLanguage":"de"}]}},"_links":{"self":[{"href":"https:\/\/vh2021fdxmk-0.hosting-space.nl\/de\/wp-json\/wp\/v2\/pages\/3964","targetHints":{"allow":["GET"]}}],"collection":[{"href":"https:\/\/vh2021fdxmk-0.hosting-space.nl\/de\/wp-json\/wp\/v2\/pages"}],"about":[{"href":"https:\/\/vh2021fdxmk-0.hosting-space.nl\/de\/wp-json\/wp\/v2\/types\/page"}],"author":[{"embeddable":true,"href":"https:\/\/vh2021fdxmk-0.hosting-space.nl\/de\/wp-json\/wp\/v2\/users\/1"}],"replies":[{"embeddable":true,"href":"https:\/\/vh2021fdxmk-0.hosting-space.nl\/de\/wp-json\/wp\/v2\/comments?post=3964"}],"version-history":[{"count":12,"href":"https:\/\/vh2021fdxmk-0.hosting-space.nl\/de\/wp-json\/wp\/v2\/pages\/3964\/revisions"}],"predecessor-version":[{"id":13439,"href":"https:\/\/vh2021fdxmk-0.hosting-space.nl\/de\/wp-json\/wp\/v2\/pages\/3964\/revisions\/13439"}],"wp:attachment":[{"href":"https:\/\/vh2021fdxmk-0.hosting-space.nl\/de\/wp-json\/wp\/v2\/media?parent=3964"}],"curies":[{"name":"wp","href":"https:\/\/api.w.org\/{rel}","templated":true}]}}